{"id":4,"date":"2013-12-25T22:54:10","date_gmt":"2013-12-25T21:54:10","guid":{"rendered":"http:\/\/localhost\/CRC\/?page_id=4"},"modified":"2025-01-13T22:51:53","modified_gmt":"2025-01-13T21:51:53","slug":"accueil","status":"publish","type":"page","link":"https:\/\/www.esquimautage-groenlandais.fr\/","title":{"rendered":"Accueil"},"content":{"rendered":"\n<h3 class=\"wp-block-heading has-virtue-primary-color has-text-color has-link-color wp-elements-1f70a1af558dc5ee1e4f29b2976910af\"><strong><span style=\"color: #ff0000;\">Qui sommes nous ?<\/span><\/strong><\/h3>\n\n\n\n<p>Ce site a pour vocation de&nbsp;promouvoir et de d\u00e9velopper la pratique de l&rsquo;esquimautage groenlandais, et ainsi d&rsquo;am\u00e9liorer les techniques de s\u00e9curit\u00e9 en kayak de mer.<\/p>\n\n\n\n<p>Nous pr\u00e9sentons \u00e9galement diverses technique de pagaies groenlandaise : propulsion, appuis, virages, d\u00e9placement lat\u00e9raux.<\/p>\n\n\n\n<p>\u00a0Cette pratique nous am\u00e8ne \u00e9galement \u00e0 d\u00e9couvrir de nouveaux aspects du kayak de mer, ceci dans un esprit tr\u00e8s ludique.<\/p>\n\n\n\n<ul class=\"wp-block-list\">\n<li>on pourra, \u00a0trouver dans ce site, la description et des d\u00e9monstrations \u00a0des esquimautages groenlandais traditionnels r\u00e9pertori\u00e9s par Kamp, \u00a0et de certaines autres techniques d&rsquo;esquimautage int\u00e9ressantes.<\/li>\n\n\n\n<li>nous avons organis\u00e9 \u00e9galement des stages \u00a0avec des personnalit\u00e9s reconnues de l&rsquo;esquimautage : stages anim\u00e9s par Kamp \u00e0 Larmor-Baden avec le club RKM en juin 2013, et par Yann en avril 2015, stages anim\u00e9s par Cheri Perry et Turner Wilson en mai 2014, exp\u00e9rience renouvel\u00e9e en mai 2015.<\/li>\n<\/ul>\n\n\n\n<p>Le bureau de l\u2019association est compose de la mani\u00e8re suivante :<\/p>\n\n\n\n<div class=\"wp-block-cover\"><span aria-hidden=\"true\" class=\"wp-block-cover__background has-background-dim\"><\/span><img fetchpriority=\"high\" decoding=\"async\" width=\"2560\" height=\"1441\" class=\"wp-block-cover__image-background wp-image-3199\" alt=\"Fran\u00e7ois Trellu\" src=\"https:\/\/www.esquimautage-groenlandais.fr\/wp-content\/uploads\/2025\/01\/Trellu_kayak-scaled.jpg\" data-object-fit=\"cover\" srcset=\"https:\/\/www.esquimautage-groenlandais.fr\/wp-content\/uploads\/2025\/01\/Trellu_kayak-scaled.jpg 2560w, https:\/\/www.esquimautage-groenlandais.fr\/wp-content\/uploads\/2025\/01\/Trellu_kayak-300x169.jpg 300w, https:\/\/www.esquimautage-groenlandais.fr\/wp-content\/uploads\/2025\/01\/Trellu_kayak-1024x576.jpg 1024w, https:\/\/www.esquimautage-groenlandais.fr\/wp-content\/uploads\/2025\/01\/Trellu_kayak-768x432.jpg 768w, https:\/\/www.esquimautage-groenlandais.fr\/wp-content\/uploads\/2025\/01\/Trellu_kayak-1536x865.jpg 1536w, https:\/\/www.esquimautage-groenlandais.fr\/wp-content\/uploads\/2025\/01\/Trellu_kayak-2048x1153.jpg 2048w, https:\/\/www.esquimautage-groenlandais.fr\/wp-content\/uploads\/2025\/01\/Trellu_kayak-24x14.jpg 24w, https:\/\/www.esquimautage-groenlandais.fr\/wp-content\/uploads\/2025\/01\/Trellu_kayak-36x20.jpg 36w, https:\/\/www.esquimautage-groenlandais.fr\/wp-content\/uploads\/2025\/01\/Trellu_kayak-48x27.jpg 48w\" sizes=\"(max-width: 2560px) 100vw, 2560px\" \/><div class=\"wp-block-cover__inner-container is-layout-flow wp-block-cover-is-layout-flow\">\n<p class=\"has-text-align-center has-large-font-size\">Fran\u00e7ois Trellu, Pr\u00e9sident<\/p>\n<\/div><\/div>\n\n\n\n<div class=\"wp-block-cover\"><span aria-hidden=\"true\" class=\"wp-block-cover__background has-background-dim\"><\/span><img decoding=\"async\" width=\"1024\" height=\"768\" class=\"wp-block-cover__image-background wp-image-3201\" alt=\"\" src=\"https:\/\/www.esquimautage-groenlandais.fr\/wp-content\/uploads\/2025\/01\/Maussion_kayak.jpg\" style=\"object-position:80% 100%\" data-object-fit=\"cover\" data-object-position=\"80% 100%\" srcset=\"https:\/\/www.esquimautage-groenlandais.fr\/wp-content\/uploads\/2025\/01\/Maussion_kayak.jpg 1024w, https:\/\/www.esquimautage-groenlandais.fr\/wp-content\/uploads\/2025\/01\/Maussion_kayak-300x225.jpg 300w, https:\/\/www.esquimautage-groenlandais.fr\/wp-content\/uploads\/2025\/01\/Maussion_kayak-768x576.jpg 768w, https:\/\/www.esquimautage-groenlandais.fr\/wp-content\/uploads\/2025\/01\/Maussion_kayak-24x18.jpg 24w, https:\/\/www.esquimautage-groenlandais.fr\/wp-content\/uploads\/2025\/01\/Maussion_kayak-36x27.jpg 36w, https:\/\/www.esquimautage-groenlandais.fr\/wp-content\/uploads\/2025\/01\/Maussion_kayak-48x36.jpg 48w\" sizes=\"(max-width: 1024px) 100vw, 1024px\" \/><div class=\"wp-block-cover__inner-container is-layout-flow wp-block-cover-is-layout-flow\">\n<p class=\"has-text-align-center has-large-font-size\">Isabelle Tribot, Tr\u00e9sori\u00e8re<\/p>\n<\/div><\/div>\n\n\n\n<div class=\"wp-block-cover\"><span aria-hidden=\"true\" class=\"wp-block-cover__background has-background-dim\"><\/span><img decoding=\"async\" width=\"1024\" height=\"435\" class=\"wp-block-cover__image-background wp-image-3207\" alt=\"\" src=\"https:\/\/www.esquimautage-groenlandais.fr\/wp-content\/uploads\/2025\/01\/Fourn_kayak-1024x435.jpg\" data-object-fit=\"cover\" srcset=\"https:\/\/www.esquimautage-groenlandais.fr\/wp-content\/uploads\/2025\/01\/Fourn_kayak-1024x435.jpg 1024w, https:\/\/www.esquimautage-groenlandais.fr\/wp-content\/uploads\/2025\/01\/Fourn_kayak-300x127.jpg 300w, https:\/\/www.esquimautage-groenlandais.fr\/wp-content\/uploads\/2025\/01\/Fourn_kayak-768x326.jpg 768w, https:\/\/www.esquimautage-groenlandais.fr\/wp-content\/uploads\/2025\/01\/Fourn_kayak-24x10.jpg 24w, https:\/\/www.esquimautage-groenlandais.fr\/wp-content\/uploads\/2025\/01\/Fourn_kayak-36x15.jpg 36w, https:\/\/www.esquimautage-groenlandais.fr\/wp-content\/uploads\/2025\/01\/Fourn_kayak-48x20.jpg 48w, https:\/\/www.esquimautage-groenlandais.fr\/wp-content\/uploads\/2025\/01\/Fourn_kayak.jpg 1506w\" sizes=\"(max-width: 1024px) 100vw, 1024px\" \/><div class=\"wp-block-cover__inner-container is-layout-flow wp-block-cover-is-layout-flow\">\n<p class=\"has-text-align-center has-large-font-size\">Lionel Le Fourn, Secr\u00e9taire<\/p>\n<\/div><\/div>\n\n\n\n<p>Le bureau en balance brace !<\/p>\n\n\n\n<div class=\"wp-block-group\"><div class=\"wp-block-group__inner-container is-layout-constrained wp-block-group-is-layout-constrained\">\n<figure class=\"wp-block-image size-large is-resized\"><a href=\"https:\/\/www.esquimautage-groenlandais.fr\/wp-content\/uploads\/2025\/01\/Trellu_balanceBrace-scaled.jpg\"><img loading=\"lazy\" decoding=\"async\" width=\"1024\" height=\"564\" src=\"https:\/\/www.esquimautage-groenlandais.fr\/wp-content\/uploads\/2025\/01\/Trellu_balanceBrace-1024x564.jpg\" alt=\"\" class=\"wp-image-3200\" style=\"width:400px;height:auto\" srcset=\"https:\/\/www.esquimautage-groenlandais.fr\/wp-content\/uploads\/2025\/01\/Trellu_balanceBrace-1024x564.jpg 1024w, https:\/\/www.esquimautage-groenlandais.fr\/wp-content\/uploads\/2025\/01\/Trellu_balanceBrace-300x165.jpg 300w, https:\/\/www.esquimautage-groenlandais.fr\/wp-content\/uploads\/2025\/01\/Trellu_balanceBrace-768x423.jpg 768w, https:\/\/www.esquimautage-groenlandais.fr\/wp-content\/uploads\/2025\/01\/Trellu_balanceBrace-1536x846.jpg 1536w, https:\/\/www.esquimautage-groenlandais.fr\/wp-content\/uploads\/2025\/01\/Trellu_balanceBrace-2048x1128.jpg 2048w, https:\/\/www.esquimautage-groenlandais.fr\/wp-content\/uploads\/2025\/01\/Trellu_balanceBrace-24x13.jpg 24w, https:\/\/www.esquimautage-groenlandais.fr\/wp-content\/uploads\/2025\/01\/Trellu_balanceBrace-36x20.jpg 36w, https:\/\/www.esquimautage-groenlandais.fr\/wp-content\/uploads\/2025\/01\/Trellu_balanceBrace-48x26.jpg 48w\" sizes=\"(max-width: 1024px) 100vw, 1024px\" \/><\/a><\/figure>\n\n\n\n<figure class=\"wp-block-image size-large is-resized\"><a href=\"https:\/\/www.esquimautage-groenlandais.fr\/wp-content\/uploads\/2025\/01\/Maussion_balanceBrace-1.jpg\"><img loading=\"lazy\" decoding=\"async\" width=\"792\" height=\"1024\" src=\"https:\/\/www.esquimautage-groenlandais.fr\/wp-content\/uploads\/2025\/01\/Maussion_balanceBrace-1-792x1024.jpg\" alt=\"\" class=\"wp-image-3203\" style=\"width:400px;height:auto\" srcset=\"https:\/\/www.esquimautage-groenlandais.fr\/wp-content\/uploads\/2025\/01\/Maussion_balanceBrace-1-792x1024.jpg 792w, https:\/\/www.esquimautage-groenlandais.fr\/wp-content\/uploads\/2025\/01\/Maussion_balanceBrace-1-232x300.jpg 232w, https:\/\/www.esquimautage-groenlandais.fr\/wp-content\/uploads\/2025\/01\/Maussion_balanceBrace-1-768x993.jpg 768w, https:\/\/www.esquimautage-groenlandais.fr\/wp-content\/uploads\/2025\/01\/Maussion_balanceBrace-1-1188x1536.jpg 1188w, https:\/\/www.esquimautage-groenlandais.fr\/wp-content\/uploads\/2025\/01\/Maussion_balanceBrace-1-19x24.jpg 19w, https:\/\/www.esquimautage-groenlandais.fr\/wp-content\/uploads\/2025\/01\/Maussion_balanceBrace-1-28x36.jpg 28w, https:\/\/www.esquimautage-groenlandais.fr\/wp-content\/uploads\/2025\/01\/Maussion_balanceBrace-1-37x48.jpg 37w, https:\/\/www.esquimautage-groenlandais.fr\/wp-content\/uploads\/2025\/01\/Maussion_balanceBrace-1.jpg 1486w\" sizes=\"(max-width: 792px) 100vw, 792px\" \/><\/a><\/figure>\n<\/div><\/div>\n\n\n\n<figure class=\"wp-block-image size-large is-resized\"><a href=\"https:\/\/www.esquimautage-groenlandais.fr\/wp-content\/uploads\/2025\/01\/Fourn_balanceBrace.jpg\"><img loading=\"lazy\" decoding=\"async\" width=\"1024\" height=\"404\" src=\"https:\/\/www.esquimautage-groenlandais.fr\/wp-content\/uploads\/2025\/01\/Fourn_balanceBrace-1024x404.jpg\" alt=\"\" class=\"wp-image-3209\" style=\"width:400px\" srcset=\"https:\/\/www.esquimautage-groenlandais.fr\/wp-content\/uploads\/2025\/01\/Fourn_balanceBrace-1024x404.jpg 1024w, https:\/\/www.esquimautage-groenlandais.fr\/wp-content\/uploads\/2025\/01\/Fourn_balanceBrace-300x118.jpg 300w, https:\/\/www.esquimautage-groenlandais.fr\/wp-content\/uploads\/2025\/01\/Fourn_balanceBrace-768x303.jpg 768w, https:\/\/www.esquimautage-groenlandais.fr\/wp-content\/uploads\/2025\/01\/Fourn_balanceBrace-1536x605.jpg 1536w, https:\/\/www.esquimautage-groenlandais.fr\/wp-content\/uploads\/2025\/01\/Fourn_balanceBrace-24x9.jpg 24w, https:\/\/www.esquimautage-groenlandais.fr\/wp-content\/uploads\/2025\/01\/Fourn_balanceBrace-36x14.jpg 36w, https:\/\/www.esquimautage-groenlandais.fr\/wp-content\/uploads\/2025\/01\/Fourn_balanceBrace-48x19.jpg 48w, https:\/\/www.esquimautage-groenlandais.fr\/wp-content\/uploads\/2025\/01\/Fourn_balanceBrace.jpg 2048w\" sizes=\"(max-width: 1024px) 100vw, 1024px\" \/><\/a><\/figure>\n\n\n\n<h3 class=\"wp-block-heading has-virtue-primary-color has-text-color has-link-color wp-elements-3867c7fbbb023148c3c1af41a151b70f\">M\u00e9moires de l&rsquo;association<\/h3>\n\n\n\n<p class=\"has-text-align-center\"><em>\u00a0Cheri Perry et Turner Wilson\u00a0 en mai 2014, Kamp en juin 2013 avec Yann et Fran\u00e7ois<\/em><\/p>\n\n\n<div class=\"wp-block-image\">\n<figure class=\"alignleft\"><a href=\"http:\/\/www.esquimautage-groenlandais.fr\/wp-content\/uploads\/2013\/12\/IMG_2341.jpg\"><img loading=\"lazy\" decoding=\"async\" width=\"300\" height=\"225\" src=\"http:\/\/www.esquimautage-groenlandais.fr\/wp-content\/uploads\/2013\/12\/IMG_2341-300x225.jpg\" alt=\"IMG_2341\" class=\"wp-image-271\" srcset=\"https:\/\/www.esquimautage-groenlandais.fr\/wp-content\/uploads\/2013\/12\/IMG_2341-300x225.jpg 300w, https:\/\/www.esquimautage-groenlandais.fr\/wp-content\/uploads\/2013\/12\/IMG_2341-1024x768.jpg 1024w\" sizes=\"(max-width: 300px) 100vw, 300px\" \/><\/a><\/figure>\n<\/div>\n\n<div class=\"wp-block-image\">\n<figure class=\"alignright\"><a href=\"http:\/\/www.esquimautage-groenlandais.fr\/wp-content\/uploads\/2013\/12\/IMG_2342.jpg\"><img loading=\"lazy\" decoding=\"async\" width=\"300\" height=\"225\" src=\"http:\/\/www.esquimautage-groenlandais.fr\/wp-content\/uploads\/2013\/12\/IMG_2342-300x225.jpg\" alt=\"IMG_2342\" class=\"wp-image-273\" srcset=\"https:\/\/www.esquimautage-groenlandais.fr\/wp-content\/uploads\/2013\/12\/IMG_2342-300x225.jpg 300w, https:\/\/www.esquimautage-groenlandais.fr\/wp-content\/uploads\/2013\/12\/IMG_2342-1024x768.jpg 1024w\" sizes=\"(max-width: 300px) 100vw, 300px\" \/><\/a><\/figure>\n<\/div>\n\n\n<p>&nbsp;<\/p>\n\n\n<div class=\"wp-block-image\">\n<figure class=\"aligncenter\"><a href=\"http:\/\/www.esquimautage-groenlandais.fr\/wp-content\/uploads\/2013\/12\/IMG_6083.jpg\"><img loading=\"lazy\" decoding=\"async\" width=\"300\" height=\"225\" src=\"http:\/\/www.esquimautage-groenlandais.fr\/wp-content\/uploads\/2013\/12\/IMG_6083-300x225.jpg\" alt=\"IMG_6083\" class=\"wp-image-385\" srcset=\"https:\/\/www.esquimautage-groenlandais.fr\/wp-content\/uploads\/2013\/12\/IMG_6083-300x225.jpg 300w, https:\/\/www.esquimautage-groenlandais.fr\/wp-content\/uploads\/2013\/12\/IMG_6083-1024x768.jpg 1024w\" sizes=\"(max-width: 300px) 100vw, 300px\" \/><\/a><\/figure>\n<\/div>\n\n\n<p class=\"has-text-align-center\">&nbsp;<\/p>\n\n\n\n<p><span style=\"color: #000000;\">Ci-dessous, Herv\u00e9 lors d&rsquo;un stage avec Cheri et Turner ;&nbsp;Herv\u00e9 pratique &nbsp;\u00e9galement le kayak au Br\u00e9sil&#8230;un petit mot pour ses amis br\u00e9siliens !<\/span><\/p>\n\n\n\n<p>Herv\u00e9, especialistas franc\u00e8s em caiaque groenlandes a 10 anos. Cursos de instru\u00e7ao , estagios de rolamentos e remos groenlandes para empliar essas t\u00e9cnicas tao pouco conhecidas.<\/p>\n\n\n<div class=\"wp-block-image\">\n<figure class=\"aligncenter\"><a href=\"http:\/\/www.esquimautage-groenlandais.fr\/wp-content\/uploads\/2013\/12\/DSCF5600.jpg\"><img loading=\"lazy\" decoding=\"async\" width=\"300\" height=\"169\" src=\"http:\/\/www.esquimautage-groenlandais.fr\/wp-content\/uploads\/2013\/12\/DSCF5600-300x169.jpg\" alt=\"DSCF5600\" class=\"wp-image-941\" srcset=\"https:\/\/www.esquimautage-groenlandais.fr\/wp-content\/uploads\/2013\/12\/DSCF5600-300x169.jpg 300w, https:\/\/www.esquimautage-groenlandais.fr\/wp-content\/uploads\/2013\/12\/DSCF5600-1024x577.jpg 1024w, https:\/\/www.esquimautage-groenlandais.fr\/wp-content\/uploads\/2013\/12\/DSCF5600-24x14.jpg 24w, https:\/\/www.esquimautage-groenlandais.fr\/wp-content\/uploads\/2013\/12\/DSCF5600-36x20.jpg 36w, https:\/\/www.esquimautage-groenlandais.fr\/wp-content\/uploads\/2013\/12\/DSCF5600-48x27.jpg 48w\" sizes=\"(max-width: 300px) 100vw, 300px\" \/><\/a><\/figure>\n<\/div>\n\n\n<p class=\"has-text-align-center\"><em>Herv\u00e9 avec Turner et Cheri \u00e0 Larmor-Baden en 2014<\/em><\/p>\n\n\n<div class=\"wp-block-image\">\n<figure class=\"alignright\"><a href=\"http:\/\/www.esquimautage-groenlandais.fr\/wp-content\/uploads\/2013\/12\/DSCF5416.jpg\"><img loading=\"lazy\" decoding=\"async\" width=\"300\" height=\"169\" src=\"http:\/\/www.esquimautage-groenlandais.fr\/wp-content\/uploads\/2013\/12\/DSCF5416-300x169.jpg\" alt=\"DSCF5416\" class=\"wp-image-940\" srcset=\"https:\/\/www.esquimautage-groenlandais.fr\/wp-content\/uploads\/2013\/12\/DSCF5416-300x169.jpg 300w, https:\/\/www.esquimautage-groenlandais.fr\/wp-content\/uploads\/2013\/12\/DSCF5416-1024x577.jpg 1024w, https:\/\/www.esquimautage-groenlandais.fr\/wp-content\/uploads\/2013\/12\/DSCF5416-24x14.jpg 24w, https:\/\/www.esquimautage-groenlandais.fr\/wp-content\/uploads\/2013\/12\/DSCF5416-36x20.jpg 36w, https:\/\/www.esquimautage-groenlandais.fr\/wp-content\/uploads\/2013\/12\/DSCF5416-48x27.jpg 48w\" sizes=\"(max-width: 300px) 100vw, 300px\" \/><\/a><\/figure>\n<\/div>\n\n<div class=\"wp-block-image\">\n<figure class=\"alignleft\"><a href=\"http:\/\/www.esquimautage-groenlandais.fr\/wp-content\/uploads\/2013\/12\/DSCF5364.jpg\"><img loading=\"lazy\" decoding=\"async\" width=\"300\" height=\"169\" src=\"http:\/\/www.esquimautage-groenlandais.fr\/wp-content\/uploads\/2013\/12\/DSCF5364-300x169.jpg\" alt=\"DSCF5364\" class=\"wp-image-939\" srcset=\"https:\/\/www.esquimautage-groenlandais.fr\/wp-content\/uploads\/2013\/12\/DSCF5364-300x169.jpg 300w, https:\/\/www.esquimautage-groenlandais.fr\/wp-content\/uploads\/2013\/12\/DSCF5364-1024x577.jpg 1024w, https:\/\/www.esquimautage-groenlandais.fr\/wp-content\/uploads\/2013\/12\/DSCF5364-24x14.jpg 24w, https:\/\/www.esquimautage-groenlandais.fr\/wp-content\/uploads\/2013\/12\/DSCF5364-36x20.jpg 36w, https:\/\/www.esquimautage-groenlandais.fr\/wp-content\/uploads\/2013\/12\/DSCF5364-48x27.jpg 48w\" sizes=\"(max-width: 300px) 100vw, 300px\" \/><\/a><\/figure>\n<\/div>\n\n\n<p><\/p>\n","protected":false},"excerpt":{"rendered":"<p>Qui sommes nous ? Ce site a pour vocation de&nbsp;promouvoir et de d\u00e9velopper la pratique de l&rsquo;esquimautage groenlandais, et ainsi d&rsquo;am\u00e9liorer les techniques de s\u00e9curit\u00e9 en kayak de mer. Nous pr\u00e9sentons \u00e9galement diverses technique de pagaies groenlandaise : propulsion, appuis, &hellip; <a href=\"https:\/\/www.esquimautage-groenlandais.fr\/\">Lire la suite\u00ad\u00ad<\/a><\/p>\n","protected":false},"author":1,"featured_media":0,"parent":0,"menu_order":0,"comment_status":"closed","ping_status":"closed","template":"","meta":{"footnotes":""},"class_list":["post-4","page","type-page","status-publish","hentry"],"_links":{"self":[{"href":"https:\/\/www.esquimautage-groenlandais.fr\/index.php?rest_route=\/wp\/v2\/pages\/4","targetHints":{"allow":["GET"]}}],"collection":[{"href":"https:\/\/www.esquimautage-groenlandais.fr\/index.php?rest_route=\/wp\/v2\/pages"}],"about":[{"href":"https:\/\/www.esquimautage-groenlandais.fr\/index.php?rest_route=\/wp\/v2\/types\/page"}],"author":[{"embeddable":true,"href":"https:\/\/www.esquimautage-groenlandais.fr\/index.php?rest_route=\/wp\/v2\/users\/1"}],"replies":[{"embeddable":true,"href":"https:\/\/www.esquimautage-groenlandais.fr\/index.php?rest_route=%2Fwp%2Fv2%2Fcomments&post=4"}],"version-history":[{"count":49,"href":"https:\/\/www.esquimautage-groenlandais.fr\/index.php?rest_route=\/wp\/v2\/pages\/4\/revisions"}],"predecessor-version":[{"id":3210,"href":"https:\/\/www.esquimautage-groenlandais.fr\/index.php?rest_route=\/wp\/v2\/pages\/4\/revisions\/3210"}],"wp:attachment":[{"href":"https:\/\/www.esquimautage-groenlandais.fr\/index.php?rest_route=%2Fwp%2Fv2%2Fmedia&parent=4"}],"curies":[{"name":"wp","href":"https:\/\/api.w.org\/{rel}","templated":true}]}}