{"id":412,"date":"2014-05-29T17:09:11","date_gmt":"2014-05-29T16:09:11","guid":{"rendered":"http:\/\/www.esquimautage-groenlandais.fr\/?page_id=412"},"modified":"2014-06-24T21:50:36","modified_gmt":"2014-06-24T20:50:36","slug":"stages-cherry-turner-aber-wrach-et-larmor-baden-en-mai-2014","status":"publish","type":"page","link":"https:\/\/www.esquimautage-groenlandais.fr\/?page_id=412","title":{"rendered":"Stages Cheri-Turner : esquimautages (rolls), vid\u00e9os et explications"},"content":{"rendered":"<p><a href=\"http:\/\/www.esquimautage-groenlandais.fr\/wp-content\/uploads\/2014\/05\/IMG_6087.jpg\"><img fetchpriority=\"high\" decoding=\"async\" class=\"alignleft size-medium wp-image-413\" alt=\"IMG_6087\" src=\"http:\/\/www.esquimautage-groenlandais.fr\/wp-content\/uploads\/2014\/05\/IMG_6087-300x225.jpg\" width=\"300\" height=\"225\" srcset=\"https:\/\/www.esquimautage-groenlandais.fr\/wp-content\/uploads\/2014\/05\/IMG_6087-300x225.jpg 300w, https:\/\/www.esquimautage-groenlandais.fr\/wp-content\/uploads\/2014\/05\/IMG_6087-1024x768.jpg 1024w\" sizes=\"(max-width: 300px) 100vw, 300px\" \/><\/a><a href=\"http:\/\/www.esquimautage-groenlandais.fr\/wp-content\/uploads\/2014\/05\/DSCN8053.jpg\"><img decoding=\"async\" class=\"alignright size-medium wp-image-414\" alt=\"DSCN8053\" src=\"http:\/\/www.esquimautage-groenlandais.fr\/wp-content\/uploads\/2014\/05\/DSCN8053-300x231.jpg\" width=\"300\" height=\"231\" srcset=\"https:\/\/www.esquimautage-groenlandais.fr\/wp-content\/uploads\/2014\/05\/DSCN8053-300x231.jpg 300w, https:\/\/www.esquimautage-groenlandais.fr\/wp-content\/uploads\/2014\/05\/DSCN8053-1024x789.jpg 1024w\" sizes=\"(max-width: 300px) 100vw, 300px\" \/><\/a><a href=\"http:\/\/www.esquimautage-groenlandais.fr\/wp-content\/uploads\/2014\/05\/IMG_5974.jpg\"><img decoding=\"async\" class=\"aligncenter size-medium wp-image-415\" alt=\"IMG_5974\" src=\"http:\/\/www.esquimautage-groenlandais.fr\/wp-content\/uploads\/2014\/05\/IMG_5974-300x225.jpg\" width=\"300\" height=\"225\" srcset=\"https:\/\/www.esquimautage-groenlandais.fr\/wp-content\/uploads\/2014\/05\/IMG_5974-300x225.jpg 300w, https:\/\/www.esquimautage-groenlandais.fr\/wp-content\/uploads\/2014\/05\/IMG_5974-1024x768.jpg 1024w\" sizes=\"(max-width: 300px) 100vw, 300px\" \/><\/a><\/p>\n<p>&nbsp;<\/p>\n<p>Nous avons v\u00e9cu des moments tr\u00e8s forts avec Cheri Perry et Turner Wilson lors de ces deux stages de mai 2014 (organis\u00e9s par Yannick \u00e0 l&rsquo;Aber-Wrach, et par Yann\u00a0 \u00e0 Larmor-Baden).<\/p>\n<p>Ils sont non seulement des kayakistes du plus haut niveau, mais des p\u00e9dagogues extraordinaires&#8230;leur r\u00e9flexion est tr\u00e8s approfondie, ils d\u00e9tectent d&rsquo;un coup d&rsquo;oeil le moindre d\u00e9faut d&rsquo;un mouvement, et proposent imm\u00e9diatement\u00a0 une solution !<\/p>\n<p>Le contact a \u00e9t\u00e9 tr\u00e8s chaleureux, dans un esprit constant de partage des connaissances.<\/p>\n<p>&nbsp;<\/p>\n<p>&nbsp;<\/p>\n<p><a href=\"http:\/\/www.esquimautage-groenlandais.fr\/wp-content\/uploads\/2014\/05\/IMG_6028.jpg\"><img loading=\"lazy\" decoding=\"async\" class=\"alignleft size-medium wp-image-416\" alt=\"IMG_6028\" src=\"http:\/\/www.esquimautage-groenlandais.fr\/wp-content\/uploads\/2014\/05\/IMG_6028-300x225.jpg\" width=\"300\" height=\"225\" srcset=\"https:\/\/www.esquimautage-groenlandais.fr\/wp-content\/uploads\/2014\/05\/IMG_6028-300x225.jpg 300w, https:\/\/www.esquimautage-groenlandais.fr\/wp-content\/uploads\/2014\/05\/IMG_6028-1024x768.jpg 1024w\" sizes=\"(max-width: 300px) 100vw, 300px\" \/><\/a><a href=\"http:\/\/www.esquimautage-groenlandais.fr\/wp-content\/uploads\/2014\/05\/IMG_6068.jpg\"><img loading=\"lazy\" decoding=\"async\" class=\"size-medium wp-image-417 alignright\" alt=\"IMG_6068\" src=\"http:\/\/www.esquimautage-groenlandais.fr\/wp-content\/uploads\/2014\/05\/IMG_6068-300x225.jpg\" width=\"300\" height=\"225\" srcset=\"https:\/\/www.esquimautage-groenlandais.fr\/wp-content\/uploads\/2014\/05\/IMG_6068-300x225.jpg 300w, https:\/\/www.esquimautage-groenlandais.fr\/wp-content\/uploads\/2014\/05\/IMG_6068-1024x768.jpg 1024w\" sizes=\"(max-width: 300px) 100vw, 300px\" \/><\/a><\/p>\n<p>&nbsp;<\/p>\n<p>&nbsp;<\/p>\n<p>&nbsp;<\/p>\n<p>&nbsp;<\/p>\n<p>&nbsp;<\/p>\n<p>&nbsp;<\/p>\n<p>&nbsp;<\/p>\n<p>&nbsp;<\/p>\n<p>&nbsp;<\/p>\n<p>Nous pr\u00e9sentons des vid\u00e9os (et leurs explications) des d\u00e9monstrations de Cheri et Turner, qui nous ont autoris\u00e9 \u00e0 les mettre sur le site.<\/p>\n<p>&nbsp;<\/p>\n<p>Les photos et vid\u00e9os sont de Yannick, Fran\u00e7ois T., Pierre-Dominique, Yann et Fran\u00e7ois H.<\/p>\n<p>Voici les liens vers le blog de Pascal, d\u00e9crivant les trois jours de stages \u00e0 l&rsquo;Aber -Wrach, avec photos, vid\u00e9os et explications&#8230;<\/p>\n<p>&nbsp;<\/p>\n<p><a href=\"http:\/\/yanike-kayak.over-blog.com\/2014\/05\/stage-rolling-avec-turner-wilson-et-cherri-perry-jour-1.html\">http:\/\/yanike-kayak.over-blog.com\/2014\/05\/stage-rolling-avec-turner-wilson-et-cherri-perry-jour-1.html<\/a><\/p>\n<p><a href=\"http:\/\/yanike-kayak.over-blog.com\/2014\/05\/stage-rolling-avec-turner-wilson-et-cheri-perry-jour-2.html\">http:\/\/yanike-kayak.over-blog.com\/2014\/05\/stage-rolling-avec-turner-wilson-et-cheri-perry-jour-2.html<\/a><\/p>\n<p><a href=\"http:\/\/yanike-kayak.over-blog.com\/2014\/05\/stage-rolling-avec-turner-wilson-et-cheri-perry-jour-3.html\">http:\/\/yanike-kayak.over-blog.com\/2014\/05\/stage-rolling-avec-turner-wilson-et-cheri-perry-jour-3.html<\/a><\/p>\n<p>&nbsp;<\/p>\n<p>D\u00e9monstrations de Cheri, avec les commentaires de Turner sur la plage de l&rsquo;\u00eele de Berder :<\/p>\n<p>Les 3 rolls\u00a0 fondamentaux :<\/p>\n<ul>\n<li>greenland standard layback<\/li>\n<li>reverse sweep roll\u00a0 (vers l&rsquo;avant)<\/li>\n<li>storm roll<\/li>\n<\/ul>\n<p>sont les trois rolls \u00ab\u00a0m\u00e8res\u00a0\u00bb des autres<br \/>\nil faut les travailler \u00e0 fond des deux c\u00f4t\u00e9s (pour le Storm,il faut vraiment le faire en balayant, la main sur la quille pilotant l&rsquo;angle de la pagaie, bras tendu, et se lan\u00e7ant vers l&rsquo;avant)<\/p>\n<p>la suite naturelle est :<\/p>\n<ul>\n<li>pour les rolls vers l&rsquo;arri\u00e8re\u00a0 : avec les mains (ou le norsaq), puis l&rsquo;elbow roll<\/li>\n<\/ul>\n<ul>\n<li>pour les rolls vers l&rsquo;avant : le roll fils du reverse est le norsaq de l&rsquo;arri\u00e8re vers l&rsquo;avant et le roll fils du storm roll est le norsaq de l&rsquo;avant vers l&rsquo;avant<\/li>\n<\/ul>\n<ul>\n<li>pour d\u00e9buter vers l&rsquo;avant, travailler le\u00a0 mouvement de balance brace vers l&rsquo;avant (ci-dessous, plus bas)<\/li>\n<\/ul>\n<p><span style=\"color: #ff0000;\"><strong>Greenland standard :<\/strong> <\/span><\/p>\n<ul>\n<li>prendre la position de d\u00e9part : \u00e9paules parall\u00e8les au kayak, pagaie sur le flanc du kayak, on se penche vers l&rsquo;eau, on \u00ab\u00a0comprime le ressort\u00a0\u00bb, puis on chavire<\/li>\n<li>on garde cette position en ressortant de l&rsquo;autre c\u00f4t\u00e9 : l&rsquo;id\u00e9e est de garder l&rsquo;\u00e9nergie emmagasin\u00e9e.<\/li>\n<li>on se d\u00e9ploie alors sur l&rsquo;eau, la pagaie vient \u00e0 plat sur la poitrine, les \u00e9paules bien \u00e0 plat sur l&rsquo;eau : on obtient une plate-forme de flottaison, qui va permettre de d\u00e9marrer le mouvement ; le corps est perpendiculaire au kayak, surtout ne pas rapprocher la t\u00eate de celui-ci.<\/li>\n<li>simultan\u00e9ment, on tire sur la jambe dans l&rsquo;eau (la droite pour un mouvement \u00e0 droite), en soulevant la hanche correspondante, et en enfon\u00e7ant la t\u00eate dans l&rsquo;eau : ces trois actions coordonn\u00e9es font tourner le kayak, l&rsquo;esquimautage est presque effectu\u00e9.<\/li>\n<li>la pagaie balaye la surface (ne pas appuyer dessus), la main gauche reste coll\u00e9e sur l&rsquo;\u00e9paule,on ram\u00e8ne le buste sur l&rsquo;arri\u00e8re du kayak.<\/li>\n<\/ul>\n<p>&nbsp;<\/p>\n<div style=\"width: 1280px;\" class=\"wp-video\"><video class=\"wp-video-shortcode\" id=\"video-412-1\" width=\"1280\" height=\"720\" preload=\"metadata\" controls=\"controls\"><source type=\"video\/mp4\" src=\"http:\/\/www.esquimautage-groenlandais.fr\/wp-content\/uploads\/2014\/05\/greenland-cherry-1.mp4?_=1\" \/><a href=\"http:\/\/www.esquimautage-groenlandais.fr\/wp-content\/uploads\/2014\/05\/greenland-cherry-1.mp4\">http:\/\/www.esquimautage-groenlandais.fr\/wp-content\/uploads\/2014\/05\/greenland-cherry-1.mp4<\/a><\/video><\/div>\n<p>&nbsp;<\/p>\n<p>Enchainement Greenland -Reverse<\/p>\n<p>&nbsp;<\/p>\n<div style=\"width: 1280px;\" class=\"wp-video\"><video class=\"wp-video-shortcode\" id=\"video-412-2\" width=\"1280\" height=\"720\" preload=\"metadata\" controls=\"controls\"><source type=\"video\/mp4\" src=\"http:\/\/www.esquimautage-groenlandais.fr\/wp-content\/uploads\/2014\/05\/greenland_cherry_3.mp4?_=2\" \/><a href=\"http:\/\/www.esquimautage-groenlandais.fr\/wp-content\/uploads\/2014\/05\/greenland_cherry_3.mp4\">http:\/\/www.esquimautage-groenlandais.fr\/wp-content\/uploads\/2014\/05\/greenland_cherry_3.mp4<\/a><\/video><\/div>\n<p>&nbsp;<\/p>\n<p><strong><span style=\"color: #ff0000;\">Avec les mains vers l&rsquo;arri\u00e8re :<\/span><\/strong><\/p>\n<ul>\n<li>prendre la position de d\u00e9part : \u00e9paules parall\u00e8les au kayak, mains sur le flanc du kayak, on se penche vers l&rsquo;eau, on \u00ab\u00a0comprime le ressort\u00a0\u00bb, puis on chavire<\/li>\n<li>on garde cette position en ressortant de l&rsquo;autre c\u00f4t\u00e9 : l&rsquo;id\u00e9e est de garder l&rsquo;\u00e9nergie emmagasin\u00e9e.<\/li>\n<li>on se d\u00e9ploie alors sur l&rsquo;eau, les mains \u00e0 l&rsquo;oppos\u00e9 du kayak, les \u00e9paules bien \u00e0 plat sur l&rsquo;eau : on obtient une plate-forme de flottaison, qui va permettre de d\u00e9marrer le mouvement ; le corps est perpendiculaire au kayak, surtout ne pas rapprocher la t\u00eate de celui-ci<\/li>\n<li>simultan\u00e9ment, on tire sur la jambe dans l&rsquo;eau (la droite pour un mouvement \u00e0 droite), en soulevant la hanche correspondante, et en enfon\u00e7ant la t\u00eate dans l&rsquo;eau : ces trois actions coordonn\u00e9es font tourner le kayak, l&rsquo;esquimautage est presque effectu\u00e9<\/li>\n<li>on ram\u00e8ne le buste sur l&rsquo;arri\u00e8re du kayak<\/li>\n<\/ul>\n<p>&nbsp;<\/p>\n<p>D\u00e9fauts \u00e0 \u00e9viter : pour un mouvement \u00e0 droite, bien maintenir l&rsquo;\u00e9paule gauche \u00e0 plat sur l&rsquo;eau en soulevant la hanche droite<\/p>\n<p>&nbsp;<\/p>\n<div style=\"width: 1280px;\" class=\"wp-video\"><video class=\"wp-video-shortcode\" id=\"video-412-3\" width=\"1280\" height=\"720\" preload=\"metadata\" controls=\"controls\"><source type=\"video\/mp4\" src=\"http:\/\/www.esquimautage-groenlandais.fr\/wp-content\/uploads\/2014\/05\/hand-roll-layback-cherry-2.mp4?_=3\" \/><a href=\"http:\/\/www.esquimautage-groenlandais.fr\/wp-content\/uploads\/2014\/05\/hand-roll-layback-cherry-2.mp4\">http:\/\/www.esquimautage-groenlandais.fr\/wp-content\/uploads\/2014\/05\/hand-roll-layback-cherry-2.mp4<\/a><\/video><\/div>\n<p>&nbsp;<\/p>\n<div style=\"width: 1280px;\" class=\"wp-video\"><video class=\"wp-video-shortcode\" id=\"video-412-4\" width=\"1280\" height=\"720\" preload=\"metadata\" controls=\"controls\"><source type=\"video\/mp4\" src=\"http:\/\/www.esquimautage-groenlandais.fr\/wp-content\/uploads\/2014\/05\/hand-roll-layback-cherry.mp4?_=4\" \/><a href=\"http:\/\/www.esquimautage-groenlandais.fr\/wp-content\/uploads\/2014\/05\/hand-roll-layback-cherry.mp4\">http:\/\/www.esquimautage-groenlandais.fr\/wp-content\/uploads\/2014\/05\/hand-roll-layback-cherry.mp4<\/a><\/video><\/div>\n<p>&nbsp;<\/p>\n<p><span style=\"color: #888888;\"><strong>\u00a0<span style=\"color: #ff0000;\">Elbow roll, avec le coude vers l&rsquo;arri\u00e8re<\/span><\/strong> <\/span><\/p>\n<p>&nbsp;<\/p>\n<ul>\n<li>le principe est le m\u00eame que pour le \u00ab\u00a0roll\u00a0\u00bb pr\u00e9c\u00e9dent. Pour un mouvement \u00e0 droite, le coude droit doit \u00eatre \u00ab\u00a0tir\u00e9\u00a0\u00bb\u00a0 \u00e0plat sur l&rsquo;eau et \u00e0 l&rsquo;oppos\u00e9 du kayak.<\/li>\n<\/ul>\n<p>&nbsp;<\/p>\n<div style=\"width: 1280px;\" class=\"wp-video\"><video class=\"wp-video-shortcode\" id=\"video-412-5\" width=\"1280\" height=\"720\" preload=\"metadata\" controls=\"controls\"><source type=\"video\/mp4\" src=\"http:\/\/www.esquimautage-groenlandais.fr\/wp-content\/uploads\/2014\/05\/elbow-roll-cherry.mp4?_=5\" \/><a href=\"http:\/\/www.esquimautage-groenlandais.fr\/wp-content\/uploads\/2014\/05\/elbow-roll-cherry.mp4\">http:\/\/www.esquimautage-groenlandais.fr\/wp-content\/uploads\/2014\/05\/elbow-roll-cherry.mp4<\/a><\/video><\/div>\n<p>&nbsp;<\/p>\n<div style=\"width: 1280px;\" class=\"wp-video\"><video class=\"wp-video-shortcode\" id=\"video-412-6\" width=\"1280\" height=\"720\" preload=\"metadata\" controls=\"controls\"><source type=\"video\/mp4\" src=\"http:\/\/www.esquimautage-groenlandais.fr\/wp-content\/uploads\/2014\/05\/elbow-roll-cherry-2.mp4?_=6\" \/><a href=\"http:\/\/www.esquimautage-groenlandais.fr\/wp-content\/uploads\/2014\/05\/elbow-roll-cherry-2.mp4\">http:\/\/www.esquimautage-groenlandais.fr\/wp-content\/uploads\/2014\/05\/elbow-roll-cherry-2.mp4<\/a><\/video><\/div>\n<p>&nbsp;<\/p>\n<p><strong><span style=\"color: #ff0000;\">\u00a0Straitght Jacket Roll : <\/span><\/strong><\/p>\n<p>&nbsp;<\/p>\n<div style=\"width: 1280px;\" class=\"wp-video\"><video class=\"wp-video-shortcode\" id=\"video-412-7\" width=\"1280\" height=\"720\" preload=\"metadata\" controls=\"controls\"><source type=\"video\/mp4\" src=\"http:\/\/www.esquimautage-groenlandais.fr\/wp-content\/uploads\/2014\/05\/straight-jacket-cherry.mp4?_=7\" \/><a href=\"http:\/\/www.esquimautage-groenlandais.fr\/wp-content\/uploads\/2014\/05\/straight-jacket-cherry.mp4\">http:\/\/www.esquimautage-groenlandais.fr\/wp-content\/uploads\/2014\/05\/straight-jacket-cherry.mp4<\/a><\/video><\/div>\n<p>&nbsp;<\/p>\n<div style=\"width: 1280px;\" class=\"wp-video\"><video class=\"wp-video-shortcode\" id=\"video-412-8\" width=\"1280\" height=\"720\" preload=\"metadata\" controls=\"controls\"><source type=\"video\/mp4\" src=\"http:\/\/www.esquimautage-groenlandais.fr\/wp-content\/uploads\/2014\/05\/straight-jacket-cherry-2.mp4?_=8\" \/><a href=\"http:\/\/www.esquimautage-groenlandais.fr\/wp-content\/uploads\/2014\/05\/straight-jacket-cherry-2.mp4\">http:\/\/www.esquimautage-groenlandais.fr\/wp-content\/uploads\/2014\/05\/straight-jacket-cherry-2.mp4<\/a><\/video><\/div>\n<p>&nbsp;<\/p>\n<p><strong><span style=\"color: #ff0000;\">Reverse Sweep Roll :<\/span> <\/strong><\/p>\n<p>&nbsp;<\/p>\n<div style=\"width: 1280px;\" class=\"wp-video\"><video class=\"wp-video-shortcode\" id=\"video-412-9\" width=\"1280\" height=\"720\" preload=\"metadata\" controls=\"controls\"><source type=\"video\/mp4\" src=\"http:\/\/www.esquimautage-groenlandais.fr\/wp-content\/uploads\/2014\/05\/reverse_cherry_1.mp4?_=9\" \/><a href=\"http:\/\/www.esquimautage-groenlandais.fr\/wp-content\/uploads\/2014\/05\/reverse_cherry_1.mp4\">http:\/\/www.esquimautage-groenlandais.fr\/wp-content\/uploads\/2014\/05\/reverse_cherry_1.mp4<\/a><\/video><\/div>\n<p>&nbsp;<\/p>\n<p><strong><span style=\"color: #ff0000;\">Storm Roll :<\/span><\/strong><\/p>\n<p>&nbsp;<\/p>\n<div style=\"width: 1280px;\" class=\"wp-video\"><video class=\"wp-video-shortcode\" id=\"video-412-10\" width=\"1280\" height=\"720\" preload=\"metadata\" controls=\"controls\"><source type=\"video\/mp4\" src=\"http:\/\/www.esquimautage-groenlandais.fr\/wp-content\/uploads\/2014\/05\/storm_roll_cherry_1.mp4?_=10\" \/><a href=\"http:\/\/www.esquimautage-groenlandais.fr\/wp-content\/uploads\/2014\/05\/storm_roll_cherry_1.mp4\">http:\/\/www.esquimautage-groenlandais.fr\/wp-content\/uploads\/2014\/05\/storm_roll_cherry_1.mp4<\/a><\/video><\/div>\n<p>&nbsp;<\/p>\n<div style=\"width: 1280px;\" class=\"wp-video\"><video class=\"wp-video-shortcode\" id=\"video-412-11\" width=\"1280\" height=\"720\" preload=\"metadata\" controls=\"controls\"><source type=\"video\/mp4\" src=\"http:\/\/www.esquimautage-groenlandais.fr\/wp-content\/uploads\/2014\/05\/storm_roll_cherry_2.mp4?_=11\" \/><a href=\"http:\/\/www.esquimautage-groenlandais.fr\/wp-content\/uploads\/2014\/05\/storm_roll_cherry_2.mp4\">http:\/\/www.esquimautage-groenlandais.fr\/wp-content\/uploads\/2014\/05\/storm_roll_cherry_2.mp4<\/a><\/video><\/div>\n<p>&nbsp;<\/p>\n<div style=\"width: 1280px;\" class=\"wp-video\"><video class=\"wp-video-shortcode\" id=\"video-412-12\" width=\"1280\" height=\"720\" preload=\"metadata\" controls=\"controls\"><source type=\"video\/mp4\" src=\"http:\/\/www.esquimautage-groenlandais.fr\/wp-content\/uploads\/2014\/05\/storm_roll_cherry_3.mp4?_=12\" \/><a href=\"http:\/\/www.esquimautage-groenlandais.fr\/wp-content\/uploads\/2014\/05\/storm_roll_cherry_3.mp4\">http:\/\/www.esquimautage-groenlandais.fr\/wp-content\/uploads\/2014\/05\/storm_roll_cherry_3.mp4<\/a><\/video><\/div>\n<p>&nbsp;<\/p>\n<div style=\"width: 1280px;\" class=\"wp-video\"><video class=\"wp-video-shortcode\" id=\"video-412-13\" width=\"1280\" height=\"720\" preload=\"metadata\" controls=\"controls\"><source type=\"video\/mp4\" src=\"http:\/\/www.esquimautage-groenlandais.fr\/wp-content\/uploads\/2014\/05\/storm_roll_cherry_4.mp4?_=13\" \/><a href=\"http:\/\/www.esquimautage-groenlandais.fr\/wp-content\/uploads\/2014\/05\/storm_roll_cherry_4.mp4\">http:\/\/www.esquimautage-groenlandais.fr\/wp-content\/uploads\/2014\/05\/storm_roll_cherry_4.mp4<\/a><\/video><\/div>\n<p>&nbsp;<\/p>\n<p>&nbsp;<\/p>\n<p><strong><span style=\"color: #ff0000;\">\u00a0Norsaq front to front :<\/span> <\/strong><\/p>\n<div style=\"width: 1280px;\" class=\"wp-video\"><video class=\"wp-video-shortcode\" id=\"video-412-14\" width=\"1280\" height=\"720\" preload=\"metadata\" controls=\"controls\"><source type=\"video\/mp4\" src=\"http:\/\/www.esquimautage-groenlandais.fr\/wp-content\/uploads\/2014\/05\/norsaq_avt_avt_cherry_1.mp4?_=14\" \/><a href=\"http:\/\/www.esquimautage-groenlandais.fr\/wp-content\/uploads\/2014\/05\/norsaq_avt_avt_cherry_1.mp4\">http:\/\/www.esquimautage-groenlandais.fr\/wp-content\/uploads\/2014\/05\/norsaq_avt_avt_cherry_1.mp4<\/a><\/video><\/div>\n<p>&nbsp;<\/p>\n<div style=\"width: 1280px;\" class=\"wp-video\"><video class=\"wp-video-shortcode\" id=\"video-412-15\" width=\"1280\" height=\"720\" preload=\"metadata\" controls=\"controls\"><source type=\"video\/mp4\" src=\"http:\/\/www.esquimautage-groenlandais.fr\/wp-content\/uploads\/2014\/05\/norsaq_avt_avt_cherry_2.mp4?_=15\" \/><a href=\"http:\/\/www.esquimautage-groenlandais.fr\/wp-content\/uploads\/2014\/05\/norsaq_avt_avt_cherry_2.mp4\">http:\/\/www.esquimautage-groenlandais.fr\/wp-content\/uploads\/2014\/05\/norsaq_avt_avt_cherry_2.mp4<\/a><\/video><\/div>\n<p>&nbsp;<\/p>\n<p>Cheri place son \u00e9paule trop haut, pour indiquer le principal d\u00e9faut \u00e0 \u00e9viter<\/p>\n<p>&nbsp;<\/p>\n<div style=\"width: 1280px;\" class=\"wp-video\"><video class=\"wp-video-shortcode\" id=\"video-412-16\" width=\"1280\" height=\"720\" preload=\"metadata\" controls=\"controls\"><source type=\"video\/mp4\" src=\"http:\/\/www.esquimautage-groenlandais.fr\/wp-content\/uploads\/2014\/05\/norsaq_avt_avt_epaule_haute_cherry.mp4?_=16\" \/><a href=\"http:\/\/www.esquimautage-groenlandais.fr\/wp-content\/uploads\/2014\/05\/norsaq_avt_avt_epaule_haute_cherry.mp4\">http:\/\/www.esquimautage-groenlandais.fr\/wp-content\/uploads\/2014\/05\/norsaq_avt_avt_epaule_haute_cherry.mp4<\/a><\/video><\/div>\n<p>&nbsp;<\/p>\n<p>&nbsp;<\/p>\n<p>&nbsp;<\/p>\n","protected":false},"excerpt":{"rendered":"<p>&nbsp; Nous avons v\u00e9cu des moments tr\u00e8s forts avec Cheri Perry et Turner Wilson lors de ces deux stages de mai 2014 (organis\u00e9s par Yannick \u00e0 l&rsquo;Aber-Wrach, et par Yann\u00a0 \u00e0 Larmor-Baden). Ils sont non seulement des kayakistes du plus &hellip; <a href=\"https:\/\/www.esquimautage-groenlandais.fr\/?page_id=412\">Lire la suite\u00ad\u00ad<\/a><\/p>\n","protected":false},"author":1,"featured_media":0,"parent":0,"menu_order":0,"comment_status":"open","ping_status":"open","template":"","meta":{"footnotes":""},"class_list":["post-412","page","type-page","status-publish","hentry"],"_links":{"self":[{"href":"https:\/\/www.esquimautage-groenlandais.fr\/index.php?rest_route=\/wp\/v2\/pages\/412","targetHints":{"allow":["GET"]}}],"collection":[{"href":"https:\/\/www.esquimautage-groenlandais.fr\/index.php?rest_route=\/wp\/v2\/pages"}],"about":[{"href":"https:\/\/www.esquimautage-groenlandais.fr\/index.php?rest_route=\/wp\/v2\/types\/page"}],"author":[{"embeddable":true,"href":"https:\/\/www.esquimautage-groenlandais.fr\/index.php?rest_route=\/wp\/v2\/users\/1"}],"replies":[{"embeddable":true,"href":"https:\/\/www.esquimautage-groenlandais.fr\/index.php?rest_route=%2Fwp%2Fv2%2Fcomments&post=412"}],"version-history":[{"count":16,"href":"https:\/\/www.esquimautage-groenlandais.fr\/index.php?rest_route=\/wp\/v2\/pages\/412\/revisions"}],"predecessor-version":[{"id":758,"href":"https:\/\/www.esquimautage-groenlandais.fr\/index.php?rest_route=\/wp\/v2\/pages\/412\/revisions\/758"}],"wp:attachment":[{"href":"https:\/\/www.esquimautage-groenlandais.fr\/index.php?rest_route=%2Fwp%2Fv2%2Fmedia&parent=412"}],"curies":[{"name":"wp","href":"https:\/\/api.w.org\/{rel}","templated":true}]}}